{"id":5540,"date":"2024-04-03T02:10:32","date_gmt":"2024-04-03T02:10:32","guid":{"rendered":"https:\/\/halal-lease.be\/contact\/"},"modified":"2026-04-13T09:12:34","modified_gmt":"2026-04-13T09:12:34","slug":"contact","status":"publish","type":"page","link":"https:\/\/halal-lease.be\/fr\/contact\/","title":{"rendered":"Contact"},"content":{"rendered":"\t\t<div data-elementor-type=\"wp-page\" data-elementor-id=\"5540\" class=\"elementor elementor-5540 elementor-25\">\n\t\t\t\t<div class=\"elementor-element elementor-element-e0de6d7 e-flex e-con-boxed e-con e-parent\" data-id=\"e0de6d7\" data-element_type=\"container\" data-e-type=\"container\">\n\t\t\t\t\t<div class=\"e-con-inner\">\n\t\t<div class=\"elementor-element elementor-element-9ed3db7 e-con-full e-flex e-con e-child\" data-id=\"9ed3db7\" data-element_type=\"container\" data-e-type=\"container\">\n\t\t\t\t<div class=\"elementor-element elementor-element-a92573c elementor-widget__width-initial elementor-widget elementor-widget-tf-title-section\" data-id=\"a92573c\" data-element_type=\"widget\" data-e-type=\"widget\" data-widget_type=\"tf-title-section.default\">\n\t\t\t\t<div class=\"elementor-widget-container\">\n\t\t\t\t\t<div id=\"tf-title-section-a92573c\" class=\"tf-title-section tf-split-text style1\" data-tabid=\"a92573c\"> \r\n\t\t\t\t\r\n\t\t\t\t<div class=\"title-section\">\r\n\t\t\t\t\t<div class=\"subtitle\">Contactez-nous<\/div>\r\n\t\t\t\t\t<h2 class=\"heading\" data-splitting>DEMANDEZ VOTRE DEVIS ICI<\/h2>\r\n\t\t\t\t\t<div class=\"description\"><p>\u00c0 la recherche d\u2019une solution de leasing fiable, abordable et 100 % halal ? D\u00e9couvrez comment louer facilement votre v\u00e9hicule utilitaire sans soucis. Sur mesure pour votre entreprise. Contactez-nous et commencez d\u00e8s aujourd\u2019hui !<\/p>\n<\/div>\r\n\t\t\t\t<\/div>                \r\n            <\/div>\t\t\t\t<\/div>\n\t\t\t\t<\/div>\n\t\t\t\t<div class=\"elementor-element elementor-element-d589885 elementor-widget elementor-widget-html\" data-id=\"d589885\" data-element_type=\"widget\" data-e-type=\"widget\" data-widget_type=\"html.default\">\n\t\t\t\t\t<script charset=\"utf-8\" type=\"text\/javascript\" src=\"\/\/js.hsforms.net\/forms\/embed\/v2.js\"><\/script>\n<script>\n  hbspt.forms.create({\n    portalId: \"8815062\",\n    formId: \"cf7c276e-b3b9-4c60-a785-02879a3137b1\",\n    region: \"na1\"\n  });\n<\/script>\n\t\t\t\t<\/div>\n\t\t\t\t<\/div>\n\t\t<div class=\"elementor-element elementor-element-bcb269a e-con-full e-flex e-con e-child\" data-id=\"bcb269a\" data-element_type=\"container\" data-e-type=\"container\" data-settings=\"{&quot;background_background&quot;:&quot;classic&quot;}\">\n\t\t\t\t<div class=\"elementor-element elementor-element-33702da elementor-widget__width-initial elementor-widget elementor-widget-tf-title-section\" data-id=\"33702da\" data-element_type=\"widget\" data-e-type=\"widget\" data-widget_type=\"tf-title-section.default\">\n\t\t\t\t<div class=\"elementor-widget-container\">\n\t\t\t\t\t<div id=\"tf-title-section-33702da\" class=\"tf-title-section tf-split-text style1\" data-tabid=\"33702da\"> \r\n\t\t\t\t\r\n\t\t\t\t<div class=\"title-section\">\r\n\t\t\t\t\t\r\n\t\t\t\t\t<h5 class=\"heading\" data-splitting>NOS COORDONN\u00c9ES<\/h5>\r\n\t\t\t\t\t\r\n\t\t\t\t<\/div>                \r\n            <\/div>\t\t\t\t<\/div>\n\t\t\t\t<\/div>\n\t\t\t\t<div class=\"elementor-element elementor-element-af87580 elementor-widget__width-inherit elementor-widget elementor-widget-tficonbox\" data-id=\"af87580\" data-element_type=\"widget\" data-e-type=\"widget\" data-widget_type=\"tficonbox.default\">\n\t\t\t\t<div class=\"elementor-widget-container\">\n\t\t\t\t\t\r\n\t\t\t<div class=\"tficonbox style1 \">\r\n\t\t\t\t\t\r\n\r\n\t\t\t\t<div class=\"content\">\r\n\t\t\t\t\t<div class=\"inner\">\r\n\t\t\t\t\t\t<h3 class=\"title\">Adresse :<\/h3>\r\n\t\t\t\t\t\t<div class=\"description\"><p>Kortrijksesteenweg 1142, 9051 Gand<\/p>\n<\/div>\t\t\t\t\t<\/div>\r\n\t\t\t\t\t\r\n\t\t\t\t\t\t\t\t\t<\/div>\r\n\t\t\t<\/div>\r\n\r\n\t\t\t\t\t\t<\/div>\n\t\t\t\t<\/div>\n\t\t\t\t<div class=\"elementor-element elementor-element-ff8fcbb elementor-widget__width-inherit elementor-widget elementor-widget-tficonbox\" data-id=\"ff8fcbb\" data-element_type=\"widget\" data-e-type=\"widget\" data-widget_type=\"tficonbox.default\">\n\t\t\t\t<div class=\"elementor-widget-container\">\n\t\t\t\t\t\r\n\t\t\t<div class=\"tficonbox style1 \">\r\n\t\t\t\t\t\r\n\r\n\t\t\t\t<div class=\"content\">\r\n\t\t\t\t\t<div class=\"inner\">\r\n\t\t\t\t\t\t<h3 class=\"title\">Coordonn\u00e9es :<\/h3>\r\n\t\t\t\t\t\t<div class=\"description\"><p>0800 21 039<br \/>info@halal-lease.be<\/p>\n<\/div>\t\t\t\t\t<\/div>\r\n\t\t\t\t\t\r\n\t\t\t\t\t\t\t\t\t<\/div>\r\n\t\t\t<\/div>\r\n\r\n\t\t\t\t\t\t<\/div>\n\t\t\t\t<\/div>\n\t\t\t\t<div class=\"elementor-element elementor-element-855848d elementor-widget elementor-widget-heading\" data-id=\"855848d\" data-element_type=\"widget\" data-e-type=\"widget\" data-widget_type=\"heading.default\">\n\t\t\t\t\t<h6 class=\"elementor-heading-title elementor-size-default\">Suivez-nous :<\/h6>\t\t\t\t<\/div>\n\t\t\t\t<div class=\"elementor-element elementor-element-4262f0e elementor-shape-rounded elementor-grid-0 e-grid-align-center elementor-widget elementor-widget-social-icons\" data-id=\"4262f0e\" data-element_type=\"widget\" data-e-type=\"widget\" data-widget_type=\"social-icons.default\">\n\t\t\t\t\t\t\t<div class=\"elementor-social-icons-wrapper elementor-grid\" role=\"list\">\n\t\t\t\t\t\t\t<span class=\"elementor-grid-item\" role=\"listitem\">\n\t\t\t\t\t<a class=\"elementor-icon elementor-social-icon elementor-social-icon-facebook-f elementor-animation-grow elementor-repeater-item-2c9391e\" href=\"https:\/\/www.facebook.com\/halallease\" target=\"_blank\">\n\t\t\t\t\t\t<span class=\"elementor-screen-only\">Facebook-f<\/span>\n\t\t\t\t\t\t<svg aria-hidden=\"true\" class=\"e-font-icon-svg e-fab-facebook-f\" viewBox=\"0 0 320 512\" xmlns=\"http:\/\/www.w3.org\/2000\/svg\"><path d=\"M279.14 288l14.22-92.66h-88.91v-60.13c0-25.35 12.42-50.06 52.24-50.06h40.42V6.26S260.43 0 225.36 0c-73.22 0-121.08 44.38-121.08 124.72v70.62H22.89V288h81.39v224h100.17V288z\"><\/path><\/svg>\t\t\t\t\t<\/a>\n\t\t\t\t<\/span>\n\t\t\t\t\t\t\t<span class=\"elementor-grid-item\" role=\"listitem\">\n\t\t\t\t\t<a class=\"elementor-icon elementor-social-icon elementor-social-icon-instagram elementor-animation-grow elementor-repeater-item-91563df\" href=\"https:\/\/www.instagram.com\/halal_lease\/\" target=\"_blank\">\n\t\t\t\t\t\t<span class=\"elementor-screen-only\">Instagram<\/span>\n\t\t\t\t\t\t<svg aria-hidden=\"true\" class=\"e-font-icon-svg e-fab-instagram\" viewBox=\"0 0 448 512\" xmlns=\"http:\/\/www.w3.org\/2000\/svg\"><path d=\"M224.1 141c-63.6 0-114.9 51.3-114.9 114.9s51.3 114.9 114.9 114.9S339 319.5 339 255.9 287.7 141 224.1 141zm0 189.6c-41.1 0-74.7-33.5-74.7-74.7s33.5-74.7 74.7-74.7 74.7 33.5 74.7 74.7-33.6 74.7-74.7 74.7zm146.4-194.3c0 14.9-12 26.8-26.8 26.8-14.9 0-26.8-12-26.8-26.8s12-26.8 26.8-26.8 26.8 12 26.8 26.8zm76.1 27.2c-1.7-35.9-9.9-67.7-36.2-93.9-26.2-26.2-58-34.4-93.9-36.2-37-2.1-147.9-2.1-184.9 0-35.8 1.7-67.6 9.9-93.9 36.1s-34.4 58-36.2 93.9c-2.1 37-2.1 147.9 0 184.9 1.7 35.9 9.9 67.7 36.2 93.9s58 34.4 93.9 36.2c37 2.1 147.9 2.1 184.9 0 35.9-1.7 67.7-9.9 93.9-36.2 26.2-26.2 34.4-58 36.2-93.9 2.1-37 2.1-147.8 0-184.8zM398.8 388c-7.8 19.6-22.9 34.7-42.6 42.6-29.5 11.7-99.5 9-132.1 9s-102.7 2.6-132.1-9c-19.6-7.8-34.7-22.9-42.6-42.6-11.7-29.5-9-99.5-9-132.1s-2.6-102.7 9-132.1c7.8-19.6 22.9-34.7 42.6-42.6 29.5-11.7 99.5-9 132.1-9s102.7-2.6 132.1 9c19.6 7.8 34.7 22.9 42.6 42.6 11.7 29.5 9 99.5 9 132.1s2.7 102.7-9 132.1z\"><\/path><\/svg>\t\t\t\t\t<\/a>\n\t\t\t\t<\/span>\n\t\t\t\t\t\t\t<span class=\"elementor-grid-item\" role=\"listitem\">\n\t\t\t\t\t<a class=\"elementor-icon elementor-social-icon elementor-social-icon-linkedin elementor-animation-grow elementor-repeater-item-050b4a4\" href=\"https:\/\/www.linkedin.com\/company\/halallease\" target=\"_blank\">\n\t\t\t\t\t\t<span class=\"elementor-screen-only\">Linkedin<\/span>\n\t\t\t\t\t\t<svg aria-hidden=\"true\" class=\"e-font-icon-svg e-fab-linkedin\" viewBox=\"0 0 448 512\" xmlns=\"http:\/\/www.w3.org\/2000\/svg\"><path d=\"M416 32H31.9C14.3 32 0 46.5 0 64.3v383.4C0 465.5 14.3 480 31.9 480H416c17.6 0 32-14.5 32-32.3V64.3c0-17.8-14.4-32.3-32-32.3zM135.4 416H69V202.2h66.5V416zm-33.2-243c-21.3 0-38.5-17.3-38.5-38.5S80.9 96 102.2 96c21.2 0 38.5 17.3 38.5 38.5 0 21.3-17.2 38.5-38.5 38.5zm282.1 243h-66.4V312c0-24.8-.5-56.7-34.5-56.7-34.6 0-39.9 27-39.9 54.9V416h-66.4V202.2h63.7v29.2h.9c8.9-16.8 30.6-34.5 62.9-34.5 67.2 0 79.7 44.3 79.7 101.9V416z\"><\/path><\/svg>\t\t\t\t\t<\/a>\n\t\t\t\t<\/span>\n\t\t\t\t\t<\/div>\n\t\t\t\t\t\t<\/div>\n\t\t\t\t<\/div>\n\t\t\t\t\t<\/div>\n\t\t\t\t<\/div>\n\t\t\t\t<\/div>\n\t\t","protected":false},"excerpt":{"rendered":"<p>Contactez-nous DEMANDEZ VOTRE DEVIS ICI \u00c0 la recherche d\u2019une solution de leasing fiable, abordable et 100 % halal ? D\u00e9couvrez comment louer facilement votre v\u00e9hicule [&hellip;]<\/p>\n","protected":false},"author":1,"featured_media":5211,"parent":0,"menu_order":0,"comment_status":"closed","ping_status":"closed","template":"elementor_header_footer","meta":{"footnotes":""},"class_list":["post-5540","page","type-page","status-publish","has-post-thumbnail","hentry"],"yoast_head":"<!-- This site is optimized with the Yoast SEO plugin v27.2 - https:\/\/yoast.com\/product\/yoast-seo-wordpress\/ -->\n<title>Contact - Leasing halal sans int\u00e9r\u00eats pour entreprises<\/title>\n<meta name=\"robots\" content=\"index, follow, max-snippet:-1, max-image-preview:large, max-video-preview:-1\" \/>\n<link rel=\"canonical\" href=\"https:\/\/halal-lease.be\/fr\/contact\/\" \/>\n<meta property=\"og:locale\" content=\"fr_FR\" \/>\n<meta property=\"og:type\" content=\"article\" \/>\n<meta property=\"og:title\" content=\"Contact - Leasing halal sans int\u00e9r\u00eats pour entreprises\" \/>\n<meta property=\"og:description\" content=\"Contactez-nous DEMANDEZ VOTRE DEVIS ICI \u00c0 la recherche d\u2019une solution de leasing fiable, abordable et 100 % halal ? D\u00e9couvrez comment louer facilement votre v\u00e9hicule [&hellip;]\" \/>\n<meta property=\"og:url\" content=\"https:\/\/halal-lease.be\/fr\/contact\/\" \/>\n<meta property=\"og:site_name\" content=\"Leasing halal sans int\u00e9r\u00eats pour entreprises\" \/>\n<meta property=\"article:publisher\" content=\"https:\/\/www.facebook.com\/halallease\" \/>\n<meta property=\"article:modified_time\" content=\"2026-04-13T09:12:34+00:00\" \/>\n<meta property=\"og:image\" content=\"https:\/\/halal-lease.be\/wp-content\/uploads\/2026\/03\/shutterstock_2636215491-1-scaled.jpg\" \/>\n\t<meta property=\"og:image:width\" content=\"2560\" \/>\n\t<meta property=\"og:image:height\" content=\"1707\" \/>\n\t<meta property=\"og:image:type\" content=\"image\/jpeg\" \/>\n<meta name=\"twitter:card\" content=\"summary_large_image\" \/>\n<meta name=\"twitter:label1\" content=\"Dur\u00e9e de lecture estim\u00e9e\" \/>\n\t<meta name=\"twitter:data1\" content=\"1 minute\" \/>\n<script type=\"application\/ld+json\" class=\"yoast-schema-graph\">{\"@context\":\"https:\/\/schema.org\",\"@graph\":[{\"@type\":\"WebPage\",\"@id\":\"https:\/\/halal-lease.be\/fr\/contact\/\",\"url\":\"https:\/\/halal-lease.be\/fr\/contact\/\",\"name\":\"Contact - Leasing halal sans int\u00e9r\u00eats pour entreprises\",\"isPartOf\":{\"@id\":\"https:\/\/halal-lease.be\/#website\"},\"primaryImageOfPage\":{\"@id\":\"https:\/\/halal-lease.be\/fr\/contact\/#primaryimage\"},\"image\":{\"@id\":\"https:\/\/halal-lease.be\/fr\/contact\/#primaryimage\"},\"thumbnailUrl\":\"https:\/\/halal-lease.be\/wp-content\/uploads\/2026\/03\/shutterstock_2636215491-1-scaled.jpg\",\"datePublished\":\"2024-04-03T02:10:32+00:00\",\"dateModified\":\"2026-04-13T09:12:34+00:00\",\"breadcrumb\":{\"@id\":\"https:\/\/halal-lease.be\/fr\/contact\/#breadcrumb\"},\"inLanguage\":\"fr-FR\",\"potentialAction\":[{\"@type\":\"ReadAction\",\"target\":[\"https:\/\/halal-lease.be\/fr\/contact\/\"]}]},{\"@type\":\"ImageObject\",\"inLanguage\":\"fr-FR\",\"@id\":\"https:\/\/halal-lease.be\/fr\/contact\/#primaryimage\",\"url\":\"https:\/\/halal-lease.be\/wp-content\/uploads\/2026\/03\/shutterstock_2636215491-1-scaled.jpg\",\"contentUrl\":\"https:\/\/halal-lease.be\/wp-content\/uploads\/2026\/03\/shutterstock_2636215491-1-scaled.jpg\",\"width\":2560,\"height\":1707},{\"@type\":\"BreadcrumbList\",\"@id\":\"https:\/\/halal-lease.be\/fr\/contact\/#breadcrumb\",\"itemListElement\":[{\"@type\":\"ListItem\",\"position\":1,\"name\":\"Home\",\"item\":\"https:\/\/halal-lease.be\/fr\/\"},{\"@type\":\"ListItem\",\"position\":2,\"name\":\"Contact\"}]},{\"@type\":\"WebSite\",\"@id\":\"https:\/\/halal-lease.be\/#website\",\"url\":\"https:\/\/halal-lease.be\/\",\"name\":\"Halal lease zonder rente voor bedrijven\",\"description\":\"Financement auto sans int\u00e9r\u00eats\",\"publisher\":{\"@id\":\"https:\/\/halal-lease.be\/#organization\"},\"potentialAction\":[{\"@type\":\"SearchAction\",\"target\":{\"@type\":\"EntryPoint\",\"urlTemplate\":\"https:\/\/halal-lease.be\/?s={search_term_string}\"},\"query-input\":{\"@type\":\"PropertyValueSpecification\",\"valueRequired\":true,\"valueName\":\"search_term_string\"}}],\"inLanguage\":\"fr-FR\"},{\"@type\":\"Organization\",\"@id\":\"https:\/\/halal-lease.be\/#organization\",\"name\":\"Halal lease zonder rente voor bedrijven\",\"url\":\"https:\/\/halal-lease.be\/\",\"logo\":{\"@type\":\"ImageObject\",\"inLanguage\":\"fr-FR\",\"@id\":\"https:\/\/halal-lease.be\/#\/schema\/logo\/image\/\",\"url\":\"https:\/\/halal-lease.be\/wp-content\/uploads\/2026\/01\/halal-lease-logo-1.png\",\"contentUrl\":\"https:\/\/halal-lease.be\/wp-content\/uploads\/2026\/01\/halal-lease-logo-1.png\",\"width\":249,\"height\":72,\"caption\":\"Halal lease zonder rente voor bedrijven\"},\"image\":{\"@id\":\"https:\/\/halal-lease.be\/#\/schema\/logo\/image\/\"},\"sameAs\":[\"https:\/\/www.facebook.com\/halallease\"]}]}<\/script>\n<!-- \/ Yoast SEO plugin. -->","yoast_head_json":{"title":"Contact - Leasing halal sans int\u00e9r\u00eats pour entreprises","robots":{"index":"index","follow":"follow","max-snippet":"max-snippet:-1","max-image-preview":"max-image-preview:large","max-video-preview":"max-video-preview:-1"},"canonical":"https:\/\/halal-lease.be\/fr\/contact\/","og_locale":"fr_FR","og_type":"article","og_title":"Contact - Leasing halal sans int\u00e9r\u00eats pour entreprises","og_description":"Contactez-nous DEMANDEZ VOTRE DEVIS ICI \u00c0 la recherche d\u2019une solution de leasing fiable, abordable et 100 % halal ? D\u00e9couvrez comment louer facilement votre v\u00e9hicule [&hellip;]","og_url":"https:\/\/halal-lease.be\/fr\/contact\/","og_site_name":"Leasing halal sans int\u00e9r\u00eats pour entreprises","article_publisher":"https:\/\/www.facebook.com\/halallease","article_modified_time":"2026-04-13T09:12:34+00:00","og_image":[{"width":2560,"height":1707,"url":"https:\/\/halal-lease.be\/wp-content\/uploads\/2026\/03\/shutterstock_2636215491-1-scaled.jpg","type":"image\/jpeg"}],"twitter_card":"summary_large_image","twitter_misc":{"Dur\u00e9e de lecture estim\u00e9e":"1 minute"},"schema":{"@context":"https:\/\/schema.org","@graph":[{"@type":"WebPage","@id":"https:\/\/halal-lease.be\/fr\/contact\/","url":"https:\/\/halal-lease.be\/fr\/contact\/","name":"Contact - Leasing halal sans int\u00e9r\u00eats pour entreprises","isPartOf":{"@id":"https:\/\/halal-lease.be\/#website"},"primaryImageOfPage":{"@id":"https:\/\/halal-lease.be\/fr\/contact\/#primaryimage"},"image":{"@id":"https:\/\/halal-lease.be\/fr\/contact\/#primaryimage"},"thumbnailUrl":"https:\/\/halal-lease.be\/wp-content\/uploads\/2026\/03\/shutterstock_2636215491-1-scaled.jpg","datePublished":"2024-04-03T02:10:32+00:00","dateModified":"2026-04-13T09:12:34+00:00","breadcrumb":{"@id":"https:\/\/halal-lease.be\/fr\/contact\/#breadcrumb"},"inLanguage":"fr-FR","potentialAction":[{"@type":"ReadAction","target":["https:\/\/halal-lease.be\/fr\/contact\/"]}]},{"@type":"ImageObject","inLanguage":"fr-FR","@id":"https:\/\/halal-lease.be\/fr\/contact\/#primaryimage","url":"https:\/\/halal-lease.be\/wp-content\/uploads\/2026\/03\/shutterstock_2636215491-1-scaled.jpg","contentUrl":"https:\/\/halal-lease.be\/wp-content\/uploads\/2026\/03\/shutterstock_2636215491-1-scaled.jpg","width":2560,"height":1707},{"@type":"BreadcrumbList","@id":"https:\/\/halal-lease.be\/fr\/contact\/#breadcrumb","itemListElement":[{"@type":"ListItem","position":1,"name":"Home","item":"https:\/\/halal-lease.be\/fr\/"},{"@type":"ListItem","position":2,"name":"Contact"}]},{"@type":"WebSite","@id":"https:\/\/halal-lease.be\/#website","url":"https:\/\/halal-lease.be\/","name":"Halal lease zonder rente voor bedrijven","description":"Financement auto sans int\u00e9r\u00eats","publisher":{"@id":"https:\/\/halal-lease.be\/#organization"},"potentialAction":[{"@type":"SearchAction","target":{"@type":"EntryPoint","urlTemplate":"https:\/\/halal-lease.be\/?s={search_term_string}"},"query-input":{"@type":"PropertyValueSpecification","valueRequired":true,"valueName":"search_term_string"}}],"inLanguage":"fr-FR"},{"@type":"Organization","@id":"https:\/\/halal-lease.be\/#organization","name":"Halal lease zonder rente voor bedrijven","url":"https:\/\/halal-lease.be\/","logo":{"@type":"ImageObject","inLanguage":"fr-FR","@id":"https:\/\/halal-lease.be\/#\/schema\/logo\/image\/","url":"https:\/\/halal-lease.be\/wp-content\/uploads\/2026\/01\/halal-lease-logo-1.png","contentUrl":"https:\/\/halal-lease.be\/wp-content\/uploads\/2026\/01\/halal-lease-logo-1.png","width":249,"height":72,"caption":"Halal lease zonder rente voor bedrijven"},"image":{"@id":"https:\/\/halal-lease.be\/#\/schema\/logo\/image\/"},"sameAs":["https:\/\/www.facebook.com\/halallease"]}]}},"_links":{"self":[{"href":"https:\/\/halal-lease.be\/fr\/wp-json\/wp\/v2\/pages\/5540","targetHints":{"allow":["GET"]}}],"collection":[{"href":"https:\/\/halal-lease.be\/fr\/wp-json\/wp\/v2\/pages"}],"about":[{"href":"https:\/\/halal-lease.be\/fr\/wp-json\/wp\/v2\/types\/page"}],"author":[{"embeddable":true,"href":"https:\/\/halal-lease.be\/fr\/wp-json\/wp\/v2\/users\/1"}],"replies":[{"embeddable":true,"href":"https:\/\/halal-lease.be\/fr\/wp-json\/wp\/v2\/comments?post=5540"}],"version-history":[{"count":5,"href":"https:\/\/halal-lease.be\/fr\/wp-json\/wp\/v2\/pages\/5540\/revisions"}],"predecessor-version":[{"id":5571,"href":"https:\/\/halal-lease.be\/fr\/wp-json\/wp\/v2\/pages\/5540\/revisions\/5571"}],"wp:featuredmedia":[{"embeddable":true,"href":"https:\/\/halal-lease.be\/fr\/wp-json\/wp\/v2\/media\/5211"}],"wp:attachment":[{"href":"https:\/\/halal-lease.be\/fr\/wp-json\/wp\/v2\/media?parent=5540"}],"curies":[{"name":"wp","href":"https:\/\/api.w.org\/{rel}","templated":true}]}}