{"id":5543,"date":"2024-05-24T03:25:09","date_gmt":"2024-05-24T03:25:09","guid":{"rendered":"https:\/\/halal-lease.be\/blog\/"},"modified":"2026-04-14T12:41:35","modified_gmt":"2026-04-14T12:41:35","slug":"blog","status":"publish","type":"page","link":"https:\/\/halal-lease.be\/fr\/blog\/","title":{"rendered":"Blog"},"content":{"rendered":"\t\t<div data-elementor-type=\"wp-page\" data-elementor-id=\"5543\" class=\"elementor elementor-5543 elementor-3876\">\n\t\t\t\t<div class=\"elementor-element elementor-element-6823c58 e-flex e-con-boxed e-con e-parent\" data-id=\"6823c58\" data-element_type=\"container\" data-e-type=\"container\">\n\t\t\t\t\t<div class=\"e-con-inner\">\n\t\t\t\t<div class=\"elementor-element elementor-element-0d482bc elementor-widget elementor-widget-tf-title-section\" data-id=\"0d482bc\" data-element_type=\"widget\" data-e-type=\"widget\" data-widget_type=\"tf-title-section.default\">\n\t\t\t\t<div class=\"elementor-widget-container\">\n\t\t\t\t\t<div id=\"tf-title-section-0d482bc\" class=\"tf-title-section tf-split-text style1\" data-tabid=\"0d482bc\"> \r\n\t\t\t\t\r\n\t\t\t\t<div class=\"title-section\">\r\n\t\t\t\t\t<div class=\"subtitle\">HALAL LEASE<\/div>\r\n\t\t\t\t\t<h2 class=\"heading\" data-splitting>ACTUALIT\u00c9S<\/h2>\r\n\t\t\t\t\t\r\n\t\t\t\t<\/div>                \r\n            <\/div>\t\t\t\t<\/div>\n\t\t\t\t<\/div>\n\t\t\t\t\t<\/div>\n\t\t\t\t<\/div>\n\t\t<div class=\"elementor-element elementor-element-21dd5bd e-flex e-con-boxed e-con e-parent\" data-id=\"21dd5bd\" data-element_type=\"container\" data-e-type=\"container\">\n\t\t\t\t\t<div class=\"e-con-inner\">\n\t\t\t\t<div class=\"elementor-element elementor-element-9673883 post-grid elementor-widget elementor-widget-tfposts\" data-id=\"9673883\" data-element_type=\"widget\" data-e-type=\"widget\" data-widget_type=\"tfposts.default\">\n\t\t\t\t<div class=\"elementor-widget-container\">\n\t\t\t\t\t\t\t\t<div id=\"tf-posts-9673883\" class=\"tf-posts no-carousel style2 column-3 tablet-column-2 mobile-column-1\" data-tabid=\"9673883\"  >\r\n\t\t\t\t\t\t<div class=\"item\">\r\n\t\t<div class=\"entry blog-post \">\r\n\t\t\t\t<div class=\"featured-post\">\r\n\t\t\t\t\t<a href=\"https:\/\/halal-lease.be\/fr\/leasing-sans-interet-pour-les-entrepreneurs-musulmans-debutants\/\">\r\n\t\t\t\t\t\t<img decoding=\"async\" src=\"https:\/\/halal-lease.be\/wp-content\/uploads\/2026\/03\/shutterstock_2636215491-1-scaled.jpg\" alt=\"image\">\t\t\t\t\t\t<span class=\"blog-plus\"><\/span>\r\n\t\t\t\t\t<\/a>\r\n                    <span class=\"meta-text\">mars 23, 2026<\/span>\r\n                    <div class=\"content\">\r\n                                           \r\n                            <h6 class=\"title\"><a href=\"https:\/\/halal-lease.be\/fr\/leasing-sans-interet-pour-les-entrepreneurs-musulmans-debutants\/\"\r\n                                    title=\"Leasing sans int\u00e9r\u00eat pour les entrepreneurs musulmans d\u00e9butants\">Leasing sans int\u00e9r\u00eat pour les entrepreneurs musulmans d\u00e9butants<\/a><\/h6>\r\n                            <div class=\"post-meta\">\r\n                                <div class=\"inner\">\r\n                                <a class=\"author\" href=\"https:\/\/halal-lease.be\/fr\/author\/angelique\/\" title=\"View all posts by angelique\" rel=\"author\"><span>angelique<\/span> <\/a>                                <\/div>\r\n                                <div class=\"inner\">\r\n                                    <a href=\"https:\/\/halal-lease.be\/fr\/category\/leasing\/\" rel=\"category tag\">Leasing<\/a>                                <\/div>\r\n                            <\/div>\r\n                    <\/div>\r\n\t\t\t\t<\/div>\r\n\t\t<\/div>\r\n\t<\/div>\r\n\t<div class=\"item\">\r\n\t\t<div class=\"entry blog-post \">\r\n\t\t\t\t<div class=\"featured-post\">\r\n\t\t\t\t\t<a href=\"https:\/\/halal-lease.be\/fr\/leasing-halal-pour-camionnettes\/\">\r\n\t\t\t\t\t\t<img decoding=\"async\" src=\"https:\/\/halal-lease.be\/wp-content\/uploads\/2026\/03\/shutterstock_2570429845-1-scaled.jpg\" alt=\"image\">\t\t\t\t\t\t<span class=\"blog-plus\"><\/span>\r\n\t\t\t\t\t<\/a>\r\n                    <span class=\"meta-text\">mars 23, 2026<\/span>\r\n                    <div class=\"content\">\r\n                                           \r\n                            <h6 class=\"title\"><a href=\"https:\/\/halal-lease.be\/fr\/leasing-halal-pour-camionnettes\/\"\r\n                                    title=\"Leasing halal pour camionnettes\">Leasing halal pour camionnettes<\/a><\/h6>\r\n                            <div class=\"post-meta\">\r\n                                <div class=\"inner\">\r\n                                <a class=\"author\" href=\"https:\/\/halal-lease.be\/fr\/author\/angelique\/\" title=\"View all posts by angelique\" rel=\"author\"><span>angelique<\/span> <\/a>                                <\/div>\r\n                                <div class=\"inner\">\r\n                                    <a href=\"https:\/\/halal-lease.be\/fr\/category\/leasing\/\" rel=\"category tag\">Leasing<\/a>                                <\/div>\r\n                            <\/div>\r\n                    <\/div>\r\n\t\t\t\t<\/div>\r\n\t\t<\/div>\r\n\t<\/div>\r\n\t<div class=\"item\">\r\n\t\t<div class=\"entry blog-post \">\r\n\t\t\t\t<div class=\"featured-post\">\r\n\t\t\t\t\t<a href=\"https:\/\/halal-lease.be\/fr\/comment-fonctionne-le-leasing-halal-selon-les-principes-de-la-charia-pour-les-vehicules-de-societe\/\">\r\n\t\t\t\t\t\t<img decoding=\"async\" src=\"https:\/\/halal-lease.be\/wp-content\/uploads\/2026\/03\/shutterstock_2697498695-1-scaled.jpg\" alt=\"image\">\t\t\t\t\t\t<span class=\"blog-plus\"><\/span>\r\n\t\t\t\t\t<\/a>\r\n                    <span class=\"meta-text\">mars 23, 2026<\/span>\r\n                    <div class=\"content\">\r\n                                           \r\n                            <h6 class=\"title\"><a href=\"https:\/\/halal-lease.be\/fr\/comment-fonctionne-le-leasing-halal-selon-les-principes-de-la-charia-pour-les-vehicules-de-societe\/\"\r\n                                    title=\"Comment fonctionne le leasing halal selon les principes de la Charia pour les v\u00e9hicules de soci\u00e9t\u00e9\">Comment fonctionne le leasing halal selon les principes de la Charia pour les v\u00e9hicules de soci\u00e9t\u00e9<\/a><\/h6>\r\n                            <div class=\"post-meta\">\r\n                                <div class=\"inner\">\r\n                                <a class=\"author\" href=\"https:\/\/halal-lease.be\/fr\/author\/angelique\/\" title=\"View all posts by angelique\" rel=\"author\"><span>angelique<\/span> <\/a>                                <\/div>\r\n                                <div class=\"inner\">\r\n                                    <a href=\"https:\/\/halal-lease.be\/fr\/category\/leasing\/\" rel=\"category tag\">Leasing<\/a>                                <\/div>\r\n                            <\/div>\r\n                    <\/div>\r\n\t\t\t\t<\/div>\r\n\t\t<\/div>\r\n\t<\/div>\r\n\t<div class=\"item\">\r\n\t\t<div class=\"entry blog-post \">\r\n\t\t\t\t<div class=\"featured-post\">\r\n\t\t\t\t\t<a href=\"https:\/\/halal-lease.be\/fr\/le-leasing-halal-comme-solution-pour-les-entrepreneurs-musulmans-en-belgique\/\">\r\n\t\t\t\t\t\t<img decoding=\"async\" src=\"https:\/\/halal-lease.be\/wp-content\/uploads\/2026\/03\/shutterstock_2650688159-1-scaled.jpg\" alt=\"image\">\t\t\t\t\t\t<span class=\"blog-plus\"><\/span>\r\n\t\t\t\t\t<\/a>\r\n                    <span class=\"meta-text\">mars 19, 2026<\/span>\r\n                    <div class=\"content\">\r\n                                           \r\n                            <h6 class=\"title\"><a href=\"https:\/\/halal-lease.be\/fr\/le-leasing-halal-comme-solution-pour-les-entrepreneurs-musulmans-en-belgique\/\"\r\n                                    title=\"Le leasing halal comme solution pour les entrepreneurs musulmans en Belgique\">Le leasing halal comme solution pour les entrepreneurs musulmans en Belgique<\/a><\/h6>\r\n                            <div class=\"post-meta\">\r\n                                <div class=\"inner\">\r\n                                <a class=\"author\" href=\"https:\/\/halal-lease.be\/fr\/author\/angelique\/\" title=\"View all posts by angelique\" rel=\"author\"><span>angelique<\/span> <\/a>                                <\/div>\r\n                                <div class=\"inner\">\r\n                                    <a href=\"https:\/\/halal-lease.be\/fr\/category\/leasing\/\" rel=\"category tag\">Leasing<\/a>                                <\/div>\r\n                            <\/div>\r\n                    <\/div>\r\n\t\t\t\t<\/div>\r\n\t\t<\/div>\r\n\t<\/div>\r\n\t\t\t\t\t\t\t\t\t<div class=\"pagination-post\">\r\n\t\t\t\t\t\t \r\n\t\t\t\t\t<\/div>\r\n\t\t\t\t\t\t\t\t\t\t\t<\/div>\r\n\t\t\t\t\t\t<\/div>\n\t\t\t\t<\/div>\n\t\t\t\t\t<\/div>\n\t\t\t\t<\/div>\n\t\t\t\t<\/div>\n\t\t","protected":false},"excerpt":{"rendered":"<p>HALAL LEASE ACTUALIT\u00c9S maart 23, 2026 Rentevrije leasing voor startende moslim ondernemers angelique Leasing maart 23, 2026 Halal lease voor bestelwagens angelique Leasing maart 23, [&hellip;]<\/p>\n","protected":false},"author":1,"featured_media":0,"parent":0,"menu_order":0,"comment_status":"closed","ping_status":"closed","template":"elementor_header_footer","meta":{"footnotes":""},"class_list":["post-5543","page","type-page","status-publish","hentry"],"yoast_head":"<!-- This site is optimized with the Yoast SEO plugin v27.2 - https:\/\/yoast.com\/product\/yoast-seo-wordpress\/ -->\n<title>Blog - Leasing halal sans int\u00e9r\u00eats pour entreprises<\/title>\n<meta name=\"robots\" content=\"index, follow, max-snippet:-1, max-image-preview:large, max-video-preview:-1\" \/>\n<link rel=\"canonical\" href=\"https:\/\/halal-lease.be\/blog\/\" \/>\n<meta property=\"og:locale\" content=\"fr_FR\" \/>\n<meta property=\"og:type\" content=\"article\" \/>\n<meta property=\"og:title\" content=\"Blog - Leasing halal sans int\u00e9r\u00eats pour entreprises\" \/>\n<meta property=\"og:description\" content=\"HALAL LEASE ACTUALIT\u00c9S maart 23, 2026 Rentevrije leasing voor startende moslim ondernemers angelique Leasing maart 23, 2026 Halal lease voor bestelwagens angelique Leasing maart 23, [&hellip;]\" \/>\n<meta property=\"og:url\" content=\"https:\/\/halal-lease.be\/blog\/\" \/>\n<meta property=\"og:site_name\" content=\"Leasing halal sans int\u00e9r\u00eats pour entreprises\" \/>\n<meta property=\"article:publisher\" content=\"https:\/\/www.facebook.com\/halallease\" \/>\n<meta property=\"article:modified_time\" content=\"2026-04-14T12:41:35+00:00\" \/>\n<meta property=\"og:image\" content=\"https:\/\/halal-lease.be\/wp-content\/uploads\/2026\/03\/shutterstock_2636215491-1-scaled.jpg\" \/>\n<meta name=\"twitter:card\" content=\"summary_large_image\" \/>\n<meta name=\"twitter:label1\" content=\"Dur\u00e9e de lecture estim\u00e9e\" \/>\n\t<meta name=\"twitter:data1\" content=\"2 minutes\" \/>\n<script type=\"application\/ld+json\" class=\"yoast-schema-graph\">{\"@context\":\"https:\/\/schema.org\",\"@graph\":[{\"@type\":\"WebPage\",\"@id\":\"https:\/\/halal-lease.be\/blog\/\",\"url\":\"https:\/\/halal-lease.be\/blog\/\",\"name\":\"Blog - Leasing halal sans int\u00e9r\u00eats pour entreprises\",\"isPartOf\":{\"@id\":\"https:\/\/halal-lease.be\/#website\"},\"primaryImageOfPage\":{\"@id\":\"https:\/\/halal-lease.be\/blog\/#primaryimage\"},\"image\":{\"@id\":\"https:\/\/halal-lease.be\/blog\/#primaryimage\"},\"thumbnailUrl\":\"https:\/\/halal-lease.be\/wp-content\/uploads\/2026\/03\/shutterstock_2636215491-1-scaled.jpg\",\"datePublished\":\"2024-05-24T03:25:09+00:00\",\"dateModified\":\"2026-04-14T12:41:35+00:00\",\"breadcrumb\":{\"@id\":\"https:\/\/halal-lease.be\/blog\/#breadcrumb\"},\"inLanguage\":\"fr-FR\",\"potentialAction\":[{\"@type\":\"ReadAction\",\"target\":[\"https:\/\/halal-lease.be\/blog\/\"]}]},{\"@type\":\"ImageObject\",\"inLanguage\":\"fr-FR\",\"@id\":\"https:\/\/halal-lease.be\/blog\/#primaryimage\",\"url\":\"https:\/\/halal-lease.be\/wp-content\/uploads\/2026\/03\/shutterstock_2636215491-1-scaled.jpg\",\"contentUrl\":\"https:\/\/halal-lease.be\/wp-content\/uploads\/2026\/03\/shutterstock_2636215491-1-scaled.jpg\"},{\"@type\":\"BreadcrumbList\",\"@id\":\"https:\/\/halal-lease.be\/blog\/#breadcrumb\",\"itemListElement\":[{\"@type\":\"ListItem\",\"position\":1,\"name\":\"Home\",\"item\":\"https:\/\/halal-lease.be\/fr\/\"},{\"@type\":\"ListItem\",\"position\":2,\"name\":\"Blog\"}]},{\"@type\":\"WebSite\",\"@id\":\"https:\/\/halal-lease.be\/#website\",\"url\":\"https:\/\/halal-lease.be\/\",\"name\":\"Halal lease zonder rente voor bedrijven\",\"description\":\"Financement auto sans int\u00e9r\u00eats\",\"publisher\":{\"@id\":\"https:\/\/halal-lease.be\/#organization\"},\"potentialAction\":[{\"@type\":\"SearchAction\",\"target\":{\"@type\":\"EntryPoint\",\"urlTemplate\":\"https:\/\/halal-lease.be\/?s={search_term_string}\"},\"query-input\":{\"@type\":\"PropertyValueSpecification\",\"valueRequired\":true,\"valueName\":\"search_term_string\"}}],\"inLanguage\":\"fr-FR\"},{\"@type\":\"Organization\",\"@id\":\"https:\/\/halal-lease.be\/#organization\",\"name\":\"Halal lease zonder rente voor bedrijven\",\"url\":\"https:\/\/halal-lease.be\/\",\"logo\":{\"@type\":\"ImageObject\",\"inLanguage\":\"fr-FR\",\"@id\":\"https:\/\/halal-lease.be\/#\/schema\/logo\/image\/\",\"url\":\"https:\/\/halal-lease.be\/wp-content\/uploads\/2026\/01\/halal-lease-logo-1.png\",\"contentUrl\":\"https:\/\/halal-lease.be\/wp-content\/uploads\/2026\/01\/halal-lease-logo-1.png\",\"width\":249,\"height\":72,\"caption\":\"Halal lease zonder rente voor bedrijven\"},\"image\":{\"@id\":\"https:\/\/halal-lease.be\/#\/schema\/logo\/image\/\"},\"sameAs\":[\"https:\/\/www.facebook.com\/halallease\"]}]}<\/script>\n<!-- \/ Yoast SEO plugin. -->","yoast_head_json":{"title":"Blog - Leasing halal sans int\u00e9r\u00eats pour entreprises","robots":{"index":"index","follow":"follow","max-snippet":"max-snippet:-1","max-image-preview":"max-image-preview:large","max-video-preview":"max-video-preview:-1"},"canonical":"https:\/\/halal-lease.be\/blog\/","og_locale":"fr_FR","og_type":"article","og_title":"Blog - Leasing halal sans int\u00e9r\u00eats pour entreprises","og_description":"HALAL LEASE ACTUALIT\u00c9S maart 23, 2026 Rentevrije leasing voor startende moslim ondernemers angelique Leasing maart 23, 2026 Halal lease voor bestelwagens angelique Leasing maart 23, [&hellip;]","og_url":"https:\/\/halal-lease.be\/blog\/","og_site_name":"Leasing halal sans int\u00e9r\u00eats pour entreprises","article_publisher":"https:\/\/www.facebook.com\/halallease","article_modified_time":"2026-04-14T12:41:35+00:00","og_image":[{"url":"https:\/\/halal-lease.be\/wp-content\/uploads\/2026\/03\/shutterstock_2636215491-1-scaled.jpg","type":"","width":"","height":""}],"twitter_card":"summary_large_image","twitter_misc":{"Dur\u00e9e de lecture estim\u00e9e":"2 minutes"},"schema":{"@context":"https:\/\/schema.org","@graph":[{"@type":"WebPage","@id":"https:\/\/halal-lease.be\/blog\/","url":"https:\/\/halal-lease.be\/blog\/","name":"Blog - Leasing halal sans int\u00e9r\u00eats pour entreprises","isPartOf":{"@id":"https:\/\/halal-lease.be\/#website"},"primaryImageOfPage":{"@id":"https:\/\/halal-lease.be\/blog\/#primaryimage"},"image":{"@id":"https:\/\/halal-lease.be\/blog\/#primaryimage"},"thumbnailUrl":"https:\/\/halal-lease.be\/wp-content\/uploads\/2026\/03\/shutterstock_2636215491-1-scaled.jpg","datePublished":"2024-05-24T03:25:09+00:00","dateModified":"2026-04-14T12:41:35+00:00","breadcrumb":{"@id":"https:\/\/halal-lease.be\/blog\/#breadcrumb"},"inLanguage":"fr-FR","potentialAction":[{"@type":"ReadAction","target":["https:\/\/halal-lease.be\/blog\/"]}]},{"@type":"ImageObject","inLanguage":"fr-FR","@id":"https:\/\/halal-lease.be\/blog\/#primaryimage","url":"https:\/\/halal-lease.be\/wp-content\/uploads\/2026\/03\/shutterstock_2636215491-1-scaled.jpg","contentUrl":"https:\/\/halal-lease.be\/wp-content\/uploads\/2026\/03\/shutterstock_2636215491-1-scaled.jpg"},{"@type":"BreadcrumbList","@id":"https:\/\/halal-lease.be\/blog\/#breadcrumb","itemListElement":[{"@type":"ListItem","position":1,"name":"Home","item":"https:\/\/halal-lease.be\/fr\/"},{"@type":"ListItem","position":2,"name":"Blog"}]},{"@type":"WebSite","@id":"https:\/\/halal-lease.be\/#website","url":"https:\/\/halal-lease.be\/","name":"Halal lease zonder rente voor bedrijven","description":"Financement auto sans int\u00e9r\u00eats","publisher":{"@id":"https:\/\/halal-lease.be\/#organization"},"potentialAction":[{"@type":"SearchAction","target":{"@type":"EntryPoint","urlTemplate":"https:\/\/halal-lease.be\/?s={search_term_string}"},"query-input":{"@type":"PropertyValueSpecification","valueRequired":true,"valueName":"search_term_string"}}],"inLanguage":"fr-FR"},{"@type":"Organization","@id":"https:\/\/halal-lease.be\/#organization","name":"Halal lease zonder rente voor bedrijven","url":"https:\/\/halal-lease.be\/","logo":{"@type":"ImageObject","inLanguage":"fr-FR","@id":"https:\/\/halal-lease.be\/#\/schema\/logo\/image\/","url":"https:\/\/halal-lease.be\/wp-content\/uploads\/2026\/01\/halal-lease-logo-1.png","contentUrl":"https:\/\/halal-lease.be\/wp-content\/uploads\/2026\/01\/halal-lease-logo-1.png","width":249,"height":72,"caption":"Halal lease zonder rente voor bedrijven"},"image":{"@id":"https:\/\/halal-lease.be\/#\/schema\/logo\/image\/"},"sameAs":["https:\/\/www.facebook.com\/halallease"]}]}},"_links":{"self":[{"href":"https:\/\/halal-lease.be\/fr\/wp-json\/wp\/v2\/pages\/5543","targetHints":{"allow":["GET"]}}],"collection":[{"href":"https:\/\/halal-lease.be\/fr\/wp-json\/wp\/v2\/pages"}],"about":[{"href":"https:\/\/halal-lease.be\/fr\/wp-json\/wp\/v2\/types\/page"}],"author":[{"embeddable":true,"href":"https:\/\/halal-lease.be\/fr\/wp-json\/wp\/v2\/users\/1"}],"replies":[{"embeddable":true,"href":"https:\/\/halal-lease.be\/fr\/wp-json\/wp\/v2\/comments?post=5543"}],"version-history":[{"count":10,"href":"https:\/\/halal-lease.be\/fr\/wp-json\/wp\/v2\/pages\/5543\/revisions"}],"predecessor-version":[{"id":5634,"href":"https:\/\/halal-lease.be\/fr\/wp-json\/wp\/v2\/pages\/5543\/revisions\/5634"}],"wp:attachment":[{"href":"https:\/\/halal-lease.be\/fr\/wp-json\/wp\/v2\/media?parent=5543"}],"curies":[{"name":"wp","href":"https:\/\/api.w.org\/{rel}","templated":true}]}}