{"id":5554,"date":"2024-04-10T04:08:21","date_gmt":"2024-04-10T04:08:21","guid":{"rendered":"https:\/\/halal-lease.be\/faq\/"},"modified":"2026-04-14T12:27:41","modified_gmt":"2026-04-14T12:27:41","slug":"faq","status":"publish","type":"page","link":"https:\/\/halal-lease.be\/fr\/faq\/","title":{"rendered":"FAQ"},"content":{"rendered":"\t\t<div data-elementor-type=\"wp-page\" data-elementor-id=\"5554\" class=\"elementor elementor-5554 elementor-1689\">\n\t\t\t\t<div class=\"elementor-element elementor-element-2b3a265 e-con-full e-flex e-con e-parent\" data-id=\"2b3a265\" data-element_type=\"container\" data-e-type=\"container\">\n\t\t<div class=\"elementor-element elementor-element-d845623 e-flex e-con-boxed e-con e-child\" data-id=\"d845623\" data-element_type=\"container\" data-e-type=\"container\">\n\t\t\t\t\t<div class=\"e-con-inner\">\n\t\t\t\t<div class=\"elementor-element elementor-element-a1702a2 elementor-widget elementor-widget-tf-title-section\" data-id=\"a1702a2\" data-element_type=\"widget\" data-e-type=\"widget\" data-widget_type=\"tf-title-section.default\">\n\t\t\t\t<div class=\"elementor-widget-container\">\n\t\t\t\t\t<div id=\"tf-title-section-a1702a2\" class=\"tf-title-section tf-split-text style1\" data-tabid=\"a1702a2\"> \r\n\t\t\t\t\r\n\t\t\t\t<div class=\"title-section\">\r\n\t\t\t\t\t<div class=\"subtitle\">FAQ<\/div>\r\n\t\t\t\t\t<h2 class=\"heading\" data-splitting>FOIRE AUX QUESTIONS<\/h2>\r\n\t\t\t\t\t\r\n\t\t\t\t<\/div>                \r\n            <\/div>\t\t\t\t<\/div>\n\t\t\t\t<\/div>\n\t\t\t\t<div class=\"elementor-element elementor-element-de16555 elementor-widget elementor-widget-spacer\" data-id=\"de16555\" data-element_type=\"widget\" data-e-type=\"widget\" data-widget_type=\"spacer.default\">\n\t\t\t\t\t\t\t<div class=\"elementor-spacer\">\n\t\t\t<div class=\"elementor-spacer-inner\"><\/div>\n\t\t<\/div>\n\t\t\t\t\t\t<\/div>\n\t\t\t\t<div class=\"elementor-element elementor-element-cefb0f7 elementor-widget elementor-widget-tfaccordion\" data-id=\"cefb0f7\" data-element_type=\"widget\" data-e-type=\"widget\" data-widget_type=\"tfaccordion.default\">\n\t\t\t\t<div class=\"elementor-widget-container\">\n\t\t\t\t\t<div class=\"tf-accordion\"> \r\n\t\t\t\t<div class=\"tf-accordion-item \"><div class=\"accordion-title icon_after \"><span class=\"title-text\">Le leasing halal est-il plus cher qu\u2019un leasing classique ?<\/span> \t\t\r\n\t\t\t\t<span class=\"wrap-accordion-icon wrap-accordion-icon-right\">\t\t\r\n\t\t\t\t<span class=\"accordion-icon accordion-icon-close\"><svg xmlns=\"http:\/\/www.w3.org\/2000\/svg\" width=\"16\" height=\"15\" viewBox=\"0 0 16 15\" fill=\"none\"><path d=\"M15.5 7.5C15.5 7.66576 15.4342 7.82473 15.3169 7.94194C15.1997 8.05915 15.0408 8.125 14.875 8.125H8.625V14.375C8.625 14.5408 8.55915 14.6997 8.44194 14.8169C8.32473 14.9342 8.16576 15 8 15C7.83424 15 7.67527 14.9342 7.55806 14.8169C7.44085 14.6997 7.375 14.5408 7.375 14.375V8.125H1.125C0.95924 8.125 0.800269 8.05915 0.683058 7.94194C0.565848 7.82473 0.5 7.66576 0.5 7.5C0.5 7.33424 0.565848 7.17527 0.683058 7.05806C0.800269 6.94085 0.95924 6.875 1.125 6.875H7.375V0.625C7.375 0.45924 7.44085 0.300269 7.55806 0.183058C7.67527 0.0658481 7.83424 0 8 0C8.16576 0 8.32473 0.0658481 8.44194 0.183058C8.55915 0.300269 8.625 0.45924 8.625 0.625V6.875H14.875C15.0408 6.875 15.1997 6.94085 15.3169 7.05806C15.4342 7.17527 15.5 7.33424 15.5 7.5Z\" fill=\"#161E2D\"><\/path><\/svg><\/span>\r\n\t\t\t\t<span class=\"accordion-icon accordion-icon-open\"><svg xmlns=\"http:\/\/www.w3.org\/2000\/svg\" width=\"16\" height=\"2\" viewBox=\"0 0 16 2\" fill=\"none\"><path d=\"M15.5 1C15.5 1.16576 15.4342 1.32473 15.3169 1.44194C15.1997 1.55915 15.0408 1.625 14.875 1.625H1.125C0.95924 1.625 0.800269 1.55915 0.683058 1.44194C0.565848 1.32473 0.5 1.16576 0.5 1C0.5 0.83424 0.565848 0.675269 0.683058 0.558058C0.800269 0.440848 0.95924 0.375 1.125 0.375H14.875C15.0408 0.375 15.1997 0.440848 15.3169 0.558058C15.4342 0.675269 15.5 0.83424 15.5 1Z\" fill=\"#161E2D\"><\/path><\/svg><\/span>\r\n\t\t\t\t<\/span><\/div> <div class=\"accordion-content\"><p>Avec le leasing halal, vous travaillez avec un montant transparent et des accords clairs, sans int\u00e9r\u00eat. Dans de nombreux cas, les co\u00fbts totaux sont comparables \u00e0 ceux d\u2019un leasing classique, selon le v\u00e9hicule, la dur\u00e9e et la formule.<\/p>\n<\/div><\/div><div class=\"tf-accordion-item \"><div class=\"accordion-title icon_after \"><span class=\"title-text\">Pourquoi est-ce halal si je paie mensuellement ?<\/span> \t\t\r\n\t\t\t\t<span class=\"wrap-accordion-icon wrap-accordion-icon-right\">\t\t\r\n\t\t\t\t<span class=\"accordion-icon accordion-icon-close\"><svg xmlns=\"http:\/\/www.w3.org\/2000\/svg\" width=\"16\" height=\"15\" viewBox=\"0 0 16 15\" fill=\"none\"><path d=\"M15.5 7.5C15.5 7.66576 15.4342 7.82473 15.3169 7.94194C15.1997 8.05915 15.0408 8.125 14.875 8.125H8.625V14.375C8.625 14.5408 8.55915 14.6997 8.44194 14.8169C8.32473 14.9342 8.16576 15 8 15C7.83424 15 7.67527 14.9342 7.55806 14.8169C7.44085 14.6997 7.375 14.5408 7.375 14.375V8.125H1.125C0.95924 8.125 0.800269 8.05915 0.683058 7.94194C0.565848 7.82473 0.5 7.66576 0.5 7.5C0.5 7.33424 0.565848 7.17527 0.683058 7.05806C0.800269 6.94085 0.95924 6.875 1.125 6.875H7.375V0.625C7.375 0.45924 7.44085 0.300269 7.55806 0.183058C7.67527 0.0658481 7.83424 0 8 0C8.16576 0 8.32473 0.0658481 8.44194 0.183058C8.55915 0.300269 8.625 0.45924 8.625 0.625V6.875H14.875C15.0408 6.875 15.1997 6.94085 15.3169 7.05806C15.4342 7.17527 15.5 7.33424 15.5 7.5Z\" fill=\"#161E2D\"><\/path><\/svg><\/span>\r\n\t\t\t\t<span class=\"accordion-icon accordion-icon-open\"><svg xmlns=\"http:\/\/www.w3.org\/2000\/svg\" width=\"16\" height=\"2\" viewBox=\"0 0 16 2\" fill=\"none\"><path d=\"M15.5 1C15.5 1.16576 15.4342 1.32473 15.3169 1.44194C15.1997 1.55915 15.0408 1.625 14.875 1.625H1.125C0.95924 1.625 0.800269 1.55915 0.683058 1.44194C0.565848 1.32473 0.5 1.16576 0.5 1C0.5 0.83424 0.565848 0.675269 0.683058 0.558058C0.800269 0.440848 0.95924 0.375 1.125 0.375H14.875C15.0408 0.375 15.1997 0.440848 15.3169 0.558058C15.4342 0.675269 15.5 0.83424 15.5 1Z\" fill=\"#161E2D\"><\/path><\/svg><\/span>\r\n\t\t\t\t<\/span><\/div> <div class=\"accordion-content\"><p>Parce que vous ne payez pas d\u2019int\u00e9r\u00eats sur l\u2019argent emprunt\u00e9. Vous payez pour l\u2019utilisation du v\u00e9hicule (location\/leasing) ou pour un prix de vente convenu \u00e0 l\u2019avance, selon un contrat transparent.<\/p>\n<\/div><\/div><div class=\"tf-accordion-item inactive\"><div class=\"accordion-title icon_after inactive\"><span class=\"title-text\">Puis-je racheter le v\u00e9hicule \u00e0 la fin ?<\/span> \t\t\r\n\t\t\t\t<span class=\"wrap-accordion-icon wrap-accordion-icon-right\">\t\t\r\n\t\t\t\t<span class=\"accordion-icon accordion-icon-close\"><svg xmlns=\"http:\/\/www.w3.org\/2000\/svg\" width=\"16\" height=\"15\" viewBox=\"0 0 16 15\" fill=\"none\"><path d=\"M15.5 7.5C15.5 7.66576 15.4342 7.82473 15.3169 7.94194C15.1997 8.05915 15.0408 8.125 14.875 8.125H8.625V14.375C8.625 14.5408 8.55915 14.6997 8.44194 14.8169C8.32473 14.9342 8.16576 15 8 15C7.83424 15 7.67527 14.9342 7.55806 14.8169C7.44085 14.6997 7.375 14.5408 7.375 14.375V8.125H1.125C0.95924 8.125 0.800269 8.05915 0.683058 7.94194C0.565848 7.82473 0.5 7.66576 0.5 7.5C0.5 7.33424 0.565848 7.17527 0.683058 7.05806C0.800269 6.94085 0.95924 6.875 1.125 6.875H7.375V0.625C7.375 0.45924 7.44085 0.300269 7.55806 0.183058C7.67527 0.0658481 7.83424 0 8 0C8.16576 0 8.32473 0.0658481 8.44194 0.183058C8.55915 0.300269 8.625 0.45924 8.625 0.625V6.875H14.875C15.0408 6.875 15.1997 6.94085 15.3169 7.05806C15.4342 7.17527 15.5 7.33424 15.5 7.5Z\" fill=\"#161E2D\"><\/path><\/svg><\/span>\r\n\t\t\t\t<span class=\"accordion-icon accordion-icon-open\"><svg xmlns=\"http:\/\/www.w3.org\/2000\/svg\" width=\"16\" height=\"2\" viewBox=\"0 0 16 2\" fill=\"none\"><path d=\"M15.5 1C15.5 1.16576 15.4342 1.32473 15.3169 1.44194C15.1997 1.55915 15.0408 1.625 14.875 1.625H1.125C0.95924 1.625 0.800269 1.55915 0.683058 1.44194C0.565848 1.32473 0.5 1.16576 0.5 1C0.5 0.83424 0.565848 0.675269 0.683058 0.558058C0.800269 0.440848 0.95924 0.375 1.125 0.375H14.875C15.0408 0.375 15.1997 0.440848 15.3169 0.558058C15.4342 0.675269 15.5 0.83424 15.5 1Z\" fill=\"#161E2D\"><\/path><\/svg><\/span>\r\n\t\t\t\t<\/span><\/div> <div class=\"accordion-content\"><p>Cela d\u00e9pend de la formule choisie. Pour certaines formes de leasing halal, la reprise est possible via un accord d\u2019achat distinct et clair au pr\u00e9alable. Pour d\u2019autres formules, vous restituez simplement le v\u00e9hicule.<\/p>\n<\/div><\/div><div class=\"tf-accordion-item inactive\"><div class=\"accordion-title icon_after inactive\"><span class=\"title-text\">Le rachat est-il obligatoire ?<\/span> \t\t\r\n\t\t\t\t<span class=\"wrap-accordion-icon wrap-accordion-icon-right\">\t\t\r\n\t\t\t\t<span class=\"accordion-icon accordion-icon-close\"><svg xmlns=\"http:\/\/www.w3.org\/2000\/svg\" width=\"16\" height=\"15\" viewBox=\"0 0 16 15\" fill=\"none\"><path d=\"M15.5 7.5C15.5 7.66576 15.4342 7.82473 15.3169 7.94194C15.1997 8.05915 15.0408 8.125 14.875 8.125H8.625V14.375C8.625 14.5408 8.55915 14.6997 8.44194 14.8169C8.32473 14.9342 8.16576 15 8 15C7.83424 15 7.67527 14.9342 7.55806 14.8169C7.44085 14.6997 7.375 14.5408 7.375 14.375V8.125H1.125C0.95924 8.125 0.800269 8.05915 0.683058 7.94194C0.565848 7.82473 0.5 7.66576 0.5 7.5C0.5 7.33424 0.565848 7.17527 0.683058 7.05806C0.800269 6.94085 0.95924 6.875 1.125 6.875H7.375V0.625C7.375 0.45924 7.44085 0.300269 7.55806 0.183058C7.67527 0.0658481 7.83424 0 8 0C8.16576 0 8.32473 0.0658481 8.44194 0.183058C8.55915 0.300269 8.625 0.45924 8.625 0.625V6.875H14.875C15.0408 6.875 15.1997 6.94085 15.3169 7.05806C15.4342 7.17527 15.5 7.33424 15.5 7.5Z\" fill=\"#161E2D\"><\/path><\/svg><\/span>\r\n\t\t\t\t<span class=\"accordion-icon accordion-icon-open\"><svg xmlns=\"http:\/\/www.w3.org\/2000\/svg\" width=\"16\" height=\"2\" viewBox=\"0 0 16 2\" fill=\"none\"><path d=\"M15.5 1C15.5 1.16576 15.4342 1.32473 15.3169 1.44194C15.1997 1.55915 15.0408 1.625 14.875 1.625H1.125C0.95924 1.625 0.800269 1.55915 0.683058 1.44194C0.565848 1.32473 0.5 1.16576 0.5 1C0.5 0.83424 0.565848 0.675269 0.683058 0.558058C0.800269 0.440848 0.95924 0.375 1.125 0.375H14.875C15.0408 0.375 15.1997 0.440848 15.3169 0.558058C15.4342 0.675269 15.5 0.83424 15.5 1Z\" fill=\"#161E2D\"><\/path><\/svg><\/span>\r\n\t\t\t\t<\/span><\/div> <div class=\"accordion-content\"><p>Non, pas n\u00e9cessairement. Pour les formules avec option d\u2019achat, il s\u2019agit g\u00e9n\u00e9ralement d\u2019un choix et non d\u2019une obligation. Vous conservez ainsi votre flexibilit\u00e9 \u00e0 la fin du contrat.<\/p>\n<\/div><\/div>\r\n            <\/div>\t\t\t\t<\/div>\n\t\t\t\t<\/div>\n\t\t\t\t\t<\/div>\n\t\t\t\t<\/div>\n\t\t\t\t<\/div>\n\t\t<div class=\"elementor-element elementor-element-5ecf092 e-flex e-con-boxed e-con e-parent\" data-id=\"5ecf092\" data-element_type=\"container\" data-e-type=\"container\">\n\t\t\t\t\t<div class=\"e-con-inner\">\n\t\t\t\t\t<\/div>\n\t\t\t\t<\/div>\n\t\t\t\t<\/div>\n\t\t","protected":false},"excerpt":{"rendered":"<p>FAQ FOIRE AUX QUESTIONS Le leasing halal est-il plus cher qu\u2019un leasing classique ? Avec le leasing halal, vous travaillez avec un montant transparent et [&hellip;]<\/p>\n","protected":false},"author":1,"featured_media":0,"parent":0,"menu_order":0,"comment_status":"closed","ping_status":"closed","template":"elementor_header_footer","meta":{"footnotes":""},"class_list":["post-5554","page","type-page","status-publish","hentry"],"yoast_head":"<!-- This site is optimized with the Yoast SEO plugin v27.2 - https:\/\/yoast.com\/product\/yoast-seo-wordpress\/ -->\n<title>FAQ - Leasing halal sans int\u00e9r\u00eats pour entreprises<\/title>\n<meta name=\"robots\" content=\"index, follow, max-snippet:-1, max-image-preview:large, max-video-preview:-1\" \/>\n<link rel=\"canonical\" href=\"https:\/\/halal-lease.be\/faqs\/\" \/>\n<meta property=\"og:locale\" content=\"fr_FR\" \/>\n<meta property=\"og:type\" content=\"article\" \/>\n<meta property=\"og:title\" content=\"FAQ - Leasing halal sans int\u00e9r\u00eats pour entreprises\" \/>\n<meta property=\"og:description\" content=\"FAQ FOIRE AUX QUESTIONS Le leasing halal est-il plus cher qu\u2019un leasing classique ? Avec le leasing halal, vous travaillez avec un montant transparent et [&hellip;]\" \/>\n<meta property=\"og:url\" content=\"https:\/\/halal-lease.be\/faqs\/\" \/>\n<meta property=\"og:site_name\" content=\"Leasing halal sans int\u00e9r\u00eats pour entreprises\" \/>\n<meta property=\"article:publisher\" content=\"https:\/\/www.facebook.com\/halallease\" \/>\n<meta property=\"article:modified_time\" content=\"2026-04-14T12:27:41+00:00\" \/>\n<meta name=\"twitter:card\" content=\"summary_large_image\" \/>\n<meta name=\"twitter:label1\" content=\"Dur\u00e9e de lecture estim\u00e9e\" \/>\n\t<meta name=\"twitter:data1\" content=\"1 minute\" \/>\n<script type=\"application\/ld+json\" class=\"yoast-schema-graph\">{\"@context\":\"https:\/\/schema.org\",\"@graph\":[{\"@type\":\"WebPage\",\"@id\":\"https:\/\/halal-lease.be\/faqs\/\",\"url\":\"https:\/\/halal-lease.be\/faqs\/\",\"name\":\"FAQ - Leasing halal sans int\u00e9r\u00eats pour entreprises\",\"isPartOf\":{\"@id\":\"https:\/\/halal-lease.be\/#website\"},\"datePublished\":\"2024-04-10T04:08:21+00:00\",\"dateModified\":\"2026-04-14T12:27:41+00:00\",\"breadcrumb\":{\"@id\":\"https:\/\/halal-lease.be\/faqs\/#breadcrumb\"},\"inLanguage\":\"fr-FR\",\"potentialAction\":[{\"@type\":\"ReadAction\",\"target\":[\"https:\/\/halal-lease.be\/faqs\/\"]}]},{\"@type\":\"BreadcrumbList\",\"@id\":\"https:\/\/halal-lease.be\/faqs\/#breadcrumb\",\"itemListElement\":[{\"@type\":\"ListItem\",\"position\":1,\"name\":\"Home\",\"item\":\"https:\/\/halal-lease.be\/fr\/\"},{\"@type\":\"ListItem\",\"position\":2,\"name\":\"FAQ\"}]},{\"@type\":\"WebSite\",\"@id\":\"https:\/\/halal-lease.be\/#website\",\"url\":\"https:\/\/halal-lease.be\/\",\"name\":\"Halal lease zonder rente voor bedrijven\",\"description\":\"Financement auto sans int\u00e9r\u00eats\",\"publisher\":{\"@id\":\"https:\/\/halal-lease.be\/#organization\"},\"potentialAction\":[{\"@type\":\"SearchAction\",\"target\":{\"@type\":\"EntryPoint\",\"urlTemplate\":\"https:\/\/halal-lease.be\/?s={search_term_string}\"},\"query-input\":{\"@type\":\"PropertyValueSpecification\",\"valueRequired\":true,\"valueName\":\"search_term_string\"}}],\"inLanguage\":\"fr-FR\"},{\"@type\":\"Organization\",\"@id\":\"https:\/\/halal-lease.be\/#organization\",\"name\":\"Halal lease zonder rente voor bedrijven\",\"url\":\"https:\/\/halal-lease.be\/\",\"logo\":{\"@type\":\"ImageObject\",\"inLanguage\":\"fr-FR\",\"@id\":\"https:\/\/halal-lease.be\/#\/schema\/logo\/image\/\",\"url\":\"https:\/\/halal-lease.be\/wp-content\/uploads\/2026\/01\/halal-lease-logo-1.png\",\"contentUrl\":\"https:\/\/halal-lease.be\/wp-content\/uploads\/2026\/01\/halal-lease-logo-1.png\",\"width\":249,\"height\":72,\"caption\":\"Halal lease zonder rente voor bedrijven\"},\"image\":{\"@id\":\"https:\/\/halal-lease.be\/#\/schema\/logo\/image\/\"},\"sameAs\":[\"https:\/\/www.facebook.com\/halallease\"]}]}<\/script>\n<!-- \/ Yoast SEO plugin. -->","yoast_head_json":{"title":"FAQ - Leasing halal sans int\u00e9r\u00eats pour entreprises","robots":{"index":"index","follow":"follow","max-snippet":"max-snippet:-1","max-image-preview":"max-image-preview:large","max-video-preview":"max-video-preview:-1"},"canonical":"https:\/\/halal-lease.be\/faqs\/","og_locale":"fr_FR","og_type":"article","og_title":"FAQ - Leasing halal sans int\u00e9r\u00eats pour entreprises","og_description":"FAQ FOIRE AUX QUESTIONS Le leasing halal est-il plus cher qu\u2019un leasing classique ? Avec le leasing halal, vous travaillez avec un montant transparent et [&hellip;]","og_url":"https:\/\/halal-lease.be\/faqs\/","og_site_name":"Leasing halal sans int\u00e9r\u00eats pour entreprises","article_publisher":"https:\/\/www.facebook.com\/halallease","article_modified_time":"2026-04-14T12:27:41+00:00","twitter_card":"summary_large_image","twitter_misc":{"Dur\u00e9e de lecture estim\u00e9e":"1 minute"},"schema":{"@context":"https:\/\/schema.org","@graph":[{"@type":"WebPage","@id":"https:\/\/halal-lease.be\/faqs\/","url":"https:\/\/halal-lease.be\/faqs\/","name":"FAQ - Leasing halal sans int\u00e9r\u00eats pour entreprises","isPartOf":{"@id":"https:\/\/halal-lease.be\/#website"},"datePublished":"2024-04-10T04:08:21+00:00","dateModified":"2026-04-14T12:27:41+00:00","breadcrumb":{"@id":"https:\/\/halal-lease.be\/faqs\/#breadcrumb"},"inLanguage":"fr-FR","potentialAction":[{"@type":"ReadAction","target":["https:\/\/halal-lease.be\/faqs\/"]}]},{"@type":"BreadcrumbList","@id":"https:\/\/halal-lease.be\/faqs\/#breadcrumb","itemListElement":[{"@type":"ListItem","position":1,"name":"Home","item":"https:\/\/halal-lease.be\/fr\/"},{"@type":"ListItem","position":2,"name":"FAQ"}]},{"@type":"WebSite","@id":"https:\/\/halal-lease.be\/#website","url":"https:\/\/halal-lease.be\/","name":"Halal lease zonder rente voor bedrijven","description":"Financement auto sans int\u00e9r\u00eats","publisher":{"@id":"https:\/\/halal-lease.be\/#organization"},"potentialAction":[{"@type":"SearchAction","target":{"@type":"EntryPoint","urlTemplate":"https:\/\/halal-lease.be\/?s={search_term_string}"},"query-input":{"@type":"PropertyValueSpecification","valueRequired":true,"valueName":"search_term_string"}}],"inLanguage":"fr-FR"},{"@type":"Organization","@id":"https:\/\/halal-lease.be\/#organization","name":"Halal lease zonder rente voor bedrijven","url":"https:\/\/halal-lease.be\/","logo":{"@type":"ImageObject","inLanguage":"fr-FR","@id":"https:\/\/halal-lease.be\/#\/schema\/logo\/image\/","url":"https:\/\/halal-lease.be\/wp-content\/uploads\/2026\/01\/halal-lease-logo-1.png","contentUrl":"https:\/\/halal-lease.be\/wp-content\/uploads\/2026\/01\/halal-lease-logo-1.png","width":249,"height":72,"caption":"Halal lease zonder rente voor bedrijven"},"image":{"@id":"https:\/\/halal-lease.be\/#\/schema\/logo\/image\/"},"sameAs":["https:\/\/www.facebook.com\/halallease"]}]}},"_links":{"self":[{"href":"https:\/\/halal-lease.be\/fr\/wp-json\/wp\/v2\/pages\/5554","targetHints":{"allow":["GET"]}}],"collection":[{"href":"https:\/\/halal-lease.be\/fr\/wp-json\/wp\/v2\/pages"}],"about":[{"href":"https:\/\/halal-lease.be\/fr\/wp-json\/wp\/v2\/types\/page"}],"author":[{"embeddable":true,"href":"https:\/\/halal-lease.be\/fr\/wp-json\/wp\/v2\/users\/1"}],"replies":[{"embeddable":true,"href":"https:\/\/halal-lease.be\/fr\/wp-json\/wp\/v2\/comments?post=5554"}],"version-history":[{"count":4,"href":"https:\/\/halal-lease.be\/fr\/wp-json\/wp\/v2\/pages\/5554\/revisions"}],"predecessor-version":[{"id":5616,"href":"https:\/\/halal-lease.be\/fr\/wp-json\/wp\/v2\/pages\/5554\/revisions\/5616"}],"wp:attachment":[{"href":"https:\/\/halal-lease.be\/fr\/wp-json\/wp\/v2\/media?parent=5554"}],"curies":[{"name":"wp","href":"https:\/\/api.w.org\/{rel}","templated":true}]}}